{"id":57365,"date":"2020-04-08T16:59:10","date_gmt":"2020-04-08T16:59:10","guid":{"rendered":"http:\/\/masservicios.co\/?page_id=57365"},"modified":"2025-12-11T15:43:14","modified_gmt":"2025-12-11T15:43:14","slug":"nosotros","status":"publish","type":"page","link":"https:\/\/masservicios.co\/?page_id=57365","title":{"rendered":"Nosotros"},"content":{"rendered":"<p>[vc_row full_width=&#8221;stretch_row_content_no_spaces&#8221;][vc_column][vc_single_image image=&#8221;57373&#8243; img_size=&#8221;full&#8221;][\/vc_column][\/vc_row][vc_row full_width=&#8221;stretch_row_content_no_spaces&#8221; css=&#8221;.vc_custom_1586365864430{background-color: #ffffff !important;}&#8221;][vc_column width=&#8221;1\/2&#8243; css=&#8221;.vc_custom_1586365784978{margin-top: 0px !important;margin-left: 40px !important;padding-right: 60px !important;}&#8221;]<div class=\"uavc-list-icon uavc-list-icon-wrapper ult-adjust-bottom-margin   \"><ul class=\"uavc-list\"><li><div class=\"uavc-list-content\" id=\"list-icon-wrap-5406\">\n<div class=\"uavc-list-icon  \" data-animation=\"\" data-animation-delay=\"03\" style=\"margin-right:5px;\"><div class=\"ult-just-icon-wrapper  \"><div class=\"align-icon\" style=\"text-align:center;\">\n<div class=\"aio-icon-img \" style=\"font-size:100px;display:inline-block;\" >\n\t<img decoding=\"async\" class=\"img-icon\" alt=\"null\" src=\"https:\/\/masservicios.co\/wp-content\/uploads\/2020\/04\/mantenimiento-aseo-servicios-MAS-2020-historia-3.png\"\/>\n<\/div><\/div><\/div>\n<\/div><span  data-ultimate-target='#list-icon-wrap-5406 .uavc-list-desc'  data-responsive-json-new='{\"font-size\":\"\",\"line-height\":\"\"}'  class=\"uavc-list-desc ult-responsive\" style=\"\"><\/p>\n<h3 style=\"color: #2b347e; text-align: left;\"><strong>NUESTRA HISTORIA:<\/strong><\/h3>\n<p><\/span><\/div><\/li><\/ul><\/div>[vc_single_image image=&#8221;380&#8243; img_size=&#8221;full&#8221;][\/vc_column][vc_column width=&#8221;1\/2&#8243; css=&#8221;.vc_custom_1586367075257{margin-top: 120px !important;padding-right: 40px !important;}&#8221;][vc_column_text]La familia de la Rosa se muda de Oca\u00f1a a Bogot\u00e1 en el a\u00f1o 1958 donde todos los miembros finalizaron los estudios. En el a\u00f1o 1970 decidieron comprar una peque\u00f1a empresa llamada <em>Superservicios<\/em> a la que cambiaron el nombre a <em>MANTENIMIENTO ASEO SERVICIOS Ltda.<\/em> <em>MAS Ltda.<\/em> y desde ese momento tuvieron la idea de solucionar problemas a todo tipo de empresas, pensando que cada empresa se debe dedicar a lo que mejor sabe hacer. En el a\u00f1o 2000 la empresa cambia su nombre a<em> MAS S. A.<\/em> pero sigue a cargo un miembro de la primera generaci\u00f3n, Leonidas, qui\u00e9n siempre vel\u00f3 por los intereses tanto de los clientes como de sus empleados. Los fundadores de la empresa son hermanos (Gloria, Eduardo y Leonidas y Manuel). Gloria fue quien quedo en cabeza de la empresa por m\u00e1s de 30 a\u00f1os entregando siempre lo mejor de ella, logro que la empresa creciera y se fortaleciera d\u00eda a d\u00eda. En el a\u00f1o 2000 Gloria fallece dejando un gran vac\u00edo en todos, pues ella no solo fue una gran l\u00edder, fue para todos una excelente madre. Leonidas asume la Gerencia de <em>MAS<\/em> durante 16 a\u00f1os, y decide retirarse en el a\u00f1o 2016 y tomar un merecido descanso. Ahora la empresa est\u00e1 en manos de la segunda generaci\u00f3n, quienes est\u00e1n totalmente comprometidos y contin\u00faan bajo la misma consigna de hermandad, tratando que tanto los clientes internos como externos consideren a <em>MAS S. A.<\/em> una familia, creando as\u00ed lazos muy fuertes. Como prueba de esto hay clientes con m\u00e1s de 30 a\u00f1os y trabajadores cuya segunda generaci\u00f3n permanece con <em>MAS.<\/em>[\/vc_column_text][\/vc_column][\/vc_row][vc_row full_width=&#8221;stretch_row_content_no_spaces&#8221; css=&#8221;.vc_custom_1586365864430{background-color: #ffffff !important;}&#8221;][vc_column width=&#8221;1\/2&#8243; css=&#8221;.vc_custom_1586366967913{margin-top: 0px !important;margin-left: 40px !important;padding-right: 60px !important;}&#8221;]<div class=\"uavc-list-icon uavc-list-icon-wrapper ult-adjust-bottom-margin   \"><ul class=\"uavc-list\"><li><div class=\"uavc-list-content\" id=\"list-icon-wrap-9108\">\n<div class=\"uavc-list-icon  \" data-animation=\"\" data-animation-delay=\"03\" style=\"margin-right:5px;\"><div class=\"ult-just-icon-wrapper  \"><div class=\"align-icon\" style=\"text-align:center;\">\n<div class=\"aio-icon-img \" style=\"font-size:100px;display:inline-block;\" >\n\t<img decoding=\"async\" class=\"img-icon\" alt=\"null\" src=\"https:\/\/masservicios.co\/wp-content\/uploads\/2020\/04\/mantenimiento-aseo-servicios-MAS-2020-historia-3.png\"\/>\n<\/div><\/div><\/div>\n<\/div><span  data-ultimate-target='#list-icon-wrap-9108 .uavc-list-desc'  data-responsive-json-new='{\"font-size\":\"\",\"line-height\":\"\"}'  class=\"uavc-list-desc ult-responsive\" style=\"\"><\/p>\n<h3 style=\"color: #2b347e; text-align: left;\"><strong>NUESTRA FAMILIA:<\/strong><\/h3>\n<p><\/span><\/div><\/li><\/ul><\/div>[vc_single_image image=&#8221;381&#8243; img_size=&#8221;full&#8221;][\/vc_column][vc_column width=&#8221;1\/2&#8243; css=&#8221;.vc_custom_1586367086604{margin-top: 120px !important;padding-right: 40px !important;}&#8221;][vc_column_text]<em>MAS S. A.<\/em> es una Familia, que esta conformada por muchos miembros, cada uno tiene a cargo una responsabilidad, que debe cumplir siempre pensando en los valores inculcados por nuestra fundadora. Cada miembro de la familia aporta un grano de arena para seguir construyendo nuestra familia con buenos valores y responsabilidad ante ustedes, nuestros clientes.[\/vc_column_text][\/vc_column][\/vc_row][vc_row full_width=&#8221;stretch_row_content_no_spaces&#8221; content_placement=&#8221;middle&#8221; parallax=&#8221;content-moving&#8221; parallax_content=&#8221;parallax_content_value&#8221; css=&#8221;.vc_custom_1586279661167{margin-right: 5% !important;margin-left: 5% !important;background-image: url(http:\/\/masservicios.co\/wp-content\/uploads\/2020\/03\/mantenimiento-aseo-empresas-servicios-bogota-colombia-certificados-fondo-ondas.jpg?id=506) !important;}&#8221;][vc_column css=&#8221;.vc_custom_1586279503635{margin-right: 100px !important;margin-left: 100px !important;padding-top: 80px !important;padding-bottom: 80px !important;}&#8221;][vc_column_text css=&#8221;.vc_custom_1586366399481{margin-top: 100px !important;margin-right: 5% !important;margin-bottom: 100px !important;margin-left: 5% !important;}&#8221;]<\/p>\n<h3 style=\"text-align: center;\">El bienestar y la sostenibilidad son nuestros pilares.<\/h3>\n<p>[\/vc_column_text][\/vc_column][\/vc_row][vc_row][vc_column width=&#8221;1\/4&#8243;]<div class=\"uavc-list-icon uavc-list-icon-wrapper ult-adjust-bottom-margin   \"><ul class=\"uavc-list\"><li><div class=\"uavc-list-content\" id=\"list-icon-wrap-5972\">\n<div class=\"uavc-list-icon  \" data-animation=\"\" data-animation-delay=\"03\" style=\"margin-right:5px;\"><div class=\"ult-just-icon-wrapper  \"><div class=\"align-icon\" style=\"text-align:center;\">\n<div class=\"aio-icon-img \" style=\"font-size:100px;display:inline-block;\" >\n\t<img decoding=\"async\" class=\"img-icon\" alt=\"null\" src=\"https:\/\/masservicios.co\/wp-content\/uploads\/2020\/04\/mantenimiento-aseo-servicios-MAS-2020-historia-3.png\"\/>\n<\/div><\/div><\/div>\n<\/div><span  data-ultimate-target='#list-icon-wrap-5972 .uavc-list-desc'  data-responsive-json-new='{\"font-size\":\"\",\"line-height\":\"\"}'  class=\"uavc-list-desc ult-responsive\" style=\"\"><\/p>\n<h3 style=\"color: #2b347e; text-align: left;\"><strong>CERTIFICADOS:<\/strong><\/h3>\n<p><\/span><\/div><\/li><\/ul><\/div>[vc_single_image image=&#8221;57515&#8243; img_size=&#8221;medium&#8221;][vc_single_image image=&#8221;57516&#8243; img_size=&#8221;medium&#8221;][vc_single_image image=&#8221;57518&#8243; img_size=&#8221;medium&#8221;][\/vc_column][vc_column width=&#8221;3\/4&#8243; css=&#8221;.vc_custom_1586367756377{margin-top: 120px !important;padding-right: 40px !important;}&#8221;]<div class=\"dt-fancy-separator title-left\" style=\"width: 100%;\"><div class=\"dt-fancy-title\"><span class=\"separator-holder separator-left\"><\/span>ISO 9001 : 2015<span class=\"separator-holder separator-right\"><\/span><\/div><\/div>[vc_column_text]La ISO 9001:2015 es la base del sistema de gesti\u00f3n de la calidad ya que es una norma internacional y que se centra en todos los elementos de administraci\u00f3n de calidad con los que una empresa debe contar para tener un sistema efectivo que le permita administrar y mejorar la calidad de sus productos o servicios. Los clientes se inclinan por los proveedores que cuentan con esta acreditaci\u00f3n porque de este modo se aseguran de que la empresa seleccionada disponga de un buen sistema de gesti\u00f3n de calidad (SGC). La Organizaci\u00f3n Internacional de Estandarizaci\u00f3n (ISO, seg\u00fan la abreviaci\u00f3n aceptada internacionalmente) tiene su oficina central en Ginebra, Suiza, y est\u00e1 formada por una red de institutos nacionales de estandarizaci\u00f3n en 156 pa\u00edses, con un miembro en cada pa\u00eds.[\/vc_column_text]<div class=\"dt-fancy-separator title-left\" style=\"width: 100%;\"><div class=\"dt-fancy-title\"><span class=\"separator-holder separator-left\"><\/span>ISO 14001 : 2015<span class=\"separator-holder separator-right\"><\/span><\/div><\/div>[vc_column_text]El crecimiento de la atenci\u00f3n hacia los efectos de la industria sobre el medio ambiente ha hecho conformidad con ISO 14001:2015, una norma voluntaria e internacionalmente reconocida de Sistemas de Gesti\u00f3n Ambiental (SGA). El Sistema de Gesti\u00f3n Ambiental seg\u00fan la ISO 14001:2015, es la herramienta que permite a las organizaciones formular una pol\u00edtica y unos objetivos, teniendo en cuenta los requisitos legales y la informaci\u00f3n relativa a sus aspectos e impactos ambientales. Se define como aquella parte del sistema de gesti\u00f3n global de la organizaci\u00f3n que incluye la estructura organizativa, las actividades de planificaci\u00f3n, los procedimientos, los procesos y los recursos para desarrollar, implantar, lograr, revisar y mantener la pol\u00edtica ambiental. Un SGA es un mecanismo de regulaci\u00f3n de la gesti\u00f3n empresarial en los siguientes aspectos: cumplimiento de la legislaci\u00f3n vigente, aplicable a sus aspectos e impactos ambientales; alcance de los objetivos medioambientales de la organizaci\u00f3n.[\/vc_column_text]<div class=\"dt-fancy-separator title-left\" style=\"width: 100%;\"><div class=\"dt-fancy-title\"><span class=\"separator-holder separator-left\"><\/span>ISO 45001 : 2018<span class=\"separator-holder separator-right\"><\/span><\/div><\/div>[vc_column_text]La ISO 45001 es la norma internacional para sistemas de gesti\u00f3n de seguridad y salud en el trabajo, destinada a proteger a los trabajadores y visitantes de accidentes y enfermedades laborales. La certificaci\u00f3n ISO 45001 fue desarrollada para mitigar cualquier factor que pueda causar da\u00f1os irreparables a los empleados o al negocio. La norma es resultado del esfuerzo de un comit\u00e9 de expertos en seguridad y salud en el trabajo que buscaron un enfoque hacia otros sistemas de gesti\u00f3n, incluyendo la ISO 9001 y la ISO 14001. Adem\u00e1s, la ISO 45001 fue dise\u00f1ada para considerar otros sistemas de gesti\u00f3n de SST como la OHSAS 18001 y otras directrices y convenciones de seguridad.<\/p>\n<p>Enfocada especialmente en la gerencia, la ISO 45001 tiene como objetivo final ayudar a los negocios a proporcionar un ambiente de trabajo seguro para los empleados y cualquier persona en el lugar de trabajo. Esto puede conseguirse al controlar factores que puedan potencialmente causar lesiones, enfermedades, y en casos extremos, defunciones. Como resultado, la ISO 45001 se centra en mitigar cualquier factor da\u00f1ino o que suponga un riesgo para el bienestar f\u00edsico y mental de los trabajadores.[\/vc_column_text][\/vc_column][\/vc_row][vc_row][vc_column width=&#8221;1\/2&#8243;]<div id=\"ultimate-heading-732869fb2c4cf380d\" class=\"uvc-heading ult-adjust-bottom-margin ultimate-heading-732869fb2c4cf380d uvc-4361  uvc-heading-default-font-sizes\" data-hspacer=\"no_spacer\"  data-halign=\"left\" style=\"text-align:left\"><div class=\"uvc-heading-spacer no_spacer\" style=\"top\"><\/div><div class=\"uvc-sub-heading ult-responsive\"  data-ultimate-target='.uvc-heading.ultimate-heading-732869fb2c4cf380d .uvc-sub-heading '  data-responsive-json-new='{\"font-size\":\"\",\"line-height\":\"\"}'  style=\"font-weight:normal;color:#2b347e;\"><\/p>\n<h3 style=\"color: #2b347e; text-align: left;\"><strong>CONTACTO:<\/strong><\/h3>\n<p><\/div><\/div>[vc_separator color=&#8221;blue&#8221; align=&#8221;align_left&#8221; border_width=&#8221;2&#8243; el_width=&#8221;10&#8243;]<div role=\"form\" class=\"wpcf7\" id=\"wpcf7-f250-o1\" lang=\"es-ES\" dir=\"ltr\">\n<div class=\"screen-reader-response\"><\/div>\n<form action=\"\/index.php?rest_route=%2Fwp%2Fv2%2Fpages%2F57365#wpcf7-f250-o1\" method=\"post\" class=\"wpcf7-form\" novalidate=\"novalidate\">\n<div style=\"display: none;\">\n<input type=\"hidden\" name=\"_wpcf7\" value=\"250\" \/>\n<input type=\"hidden\" name=\"_wpcf7_version\" value=\"5.1.7\" \/>\n<input type=\"hidden\" name=\"_wpcf7_locale\" value=\"es_ES\" \/>\n<input type=\"hidden\" name=\"_wpcf7_unit_tag\" value=\"wpcf7-f250-o1\" \/>\n<input type=\"hidden\" name=\"_wpcf7_container_post\" value=\"0\" \/>\n<\/div>\n<p><label> Nombre (requerido)<br \/>\n    <span class=\"wpcf7-form-control-wrap your-name\"><input type=\"text\" name=\"your-name\" value=\"\" size=\"40\" class=\"wpcf7-form-control wpcf7-text wpcf7-validates-as-required\" aria-required=\"true\" aria-invalid=\"false\" \/><\/span> <\/label><\/p>\n<p><label> Tu correo electr\u00f3nico (requerido)<br \/>\n    <span class=\"wpcf7-form-control-wrap your-email\"><input type=\"email\" name=\"your-email\" value=\"\" size=\"40\" class=\"wpcf7-form-control wpcf7-text wpcf7-email wpcf7-validates-as-required wpcf7-validates-as-email\" aria-required=\"true\" aria-invalid=\"false\" \/><\/span> <\/label><\/p>\n<p><label> Asunto<br \/>\n    <span class=\"wpcf7-form-control-wrap your-subject\"><input type=\"text\" name=\"your-subject\" value=\"\" size=\"40\" class=\"wpcf7-form-control wpcf7-text\" aria-invalid=\"false\" \/><\/span> <\/label><\/p>\n<p><label> Mensaje<br \/>\n    <span class=\"wpcf7-form-control-wrap your-message\"><textarea name=\"your-message\" cols=\"40\" rows=\"10\" class=\"wpcf7-form-control wpcf7-textarea\" aria-invalid=\"false\"><\/textarea><\/span> <\/label><\/p>\n<p><input type=\"submit\" value=\"Enviar\" class=\"wpcf7-form-control wpcf7-submit\" \/><\/p>\n<div class=\"wpcf7-response-output wpcf7-display-none\"><\/div><\/form><\/div>[\/vc_column][vc_column width=&#8221;1\/2&#8243;][vc_empty_space height=&#8221;100px&#8221;][vc_column_text]<img loading=\"lazy\" decoding=\"async\" class=\"alignnone size-full wp-image-57298\" src=\"http:\/\/masservicios.co\/wp-content\/uploads\/2020\/04\/WEB-MAS-2020-contacto.png\" alt=\"\" width=\"350\" height=\"73\" srcset=\"https:\/\/masservicios.co\/wp-content\/uploads\/2020\/04\/WEB-MAS-2020-contacto.png 350w, https:\/\/masservicios.co\/wp-content\/uploads\/2020\/04\/WEB-MAS-2020-contacto-300x63.png 300w\" sizes=\"auto, (max-width: 350px) 100vw, 350px\" \/><br \/>\nCarrera 16a # 79-95,<br \/>\nBogot\u00e1, Colombia<br \/>\nTel\u00e9fono: 616 89 81<br \/>\nEmail:\u00a0<a href=\"mailto:info@masservicios.co\">info@masservicios.co<\/a><br \/>\nWeb:\u00a0<a href=\"http:\/\/masservicios.co\/\">masservicios.co\/<\/a>[\/vc_column_text][\/vc_column][\/vc_row]<\/p>\n","protected":false},"excerpt":{"rendered":"<p>[vc_row full_width=&#8221;stretch_row_content_no_spaces&#8221;][vc_column][vc_single_image image=&#8221;57373&#8243; img_size=&#8221;full&#8221;][\/vc_column][\/vc_row][vc_row full_width=&#8221;stretch_row_content_no_spaces&#8221; css=&#8221;.vc_custom_1586365864430{background-color: #ffffff !important;}&#8221;][vc_column width=&#8221;1\/2&#8243; css=&#8221;.vc_custom_1586365784978{margin-top: 0px !important;margin-left: 40px !important;padding-right: 60px !important;}&#8221;][vc_single_image image=&#8221;380&#8243; img_size=&#8221;full&#8221;][\/vc_column][vc_column width=&#8221;1\/2&#8243; css=&#8221;.vc_custom_1586367075257{margin-top: 120px !important;padding-right: 40px !important;}&#8221;][vc_column_text]La familia de la Rosa se muda de Oca\u00f1a a Bogot\u00e1 en el a\u00f1o 1958 donde todos los miembros finalizaron los estudios. En el a\u00f1o 1970 decidieron comprar una peque\u00f1a empresa llamada&hellip;<\/p>\n","protected":false},"author":1,"featured_media":0,"parent":0,"menu_order":1,"comment_status":"closed","ping_status":"closed","template":"","meta":{"footnotes":""},"class_list":["post-57365","page","type-page","status-publish","hentry","description-off"],"_links":{"self":[{"href":"https:\/\/masservicios.co\/index.php?rest_route=\/wp\/v2\/pages\/57365","targetHints":{"allow":["GET"]}}],"collection":[{"href":"https:\/\/masservicios.co\/index.php?rest_route=\/wp\/v2\/pages"}],"about":[{"href":"https:\/\/masservicios.co\/index.php?rest_route=\/wp\/v2\/types\/page"}],"author":[{"embeddable":true,"href":"https:\/\/masservicios.co\/index.php?rest_route=\/wp\/v2\/users\/1"}],"replies":[{"embeddable":true,"href":"https:\/\/masservicios.co\/index.php?rest_route=%2Fwp%2Fv2%2Fcomments&post=57365"}],"version-history":[{"count":28,"href":"https:\/\/masservicios.co\/index.php?rest_route=\/wp\/v2\/pages\/57365\/revisions"}],"predecessor-version":[{"id":57528,"href":"https:\/\/masservicios.co\/index.php?rest_route=\/wp\/v2\/pages\/57365\/revisions\/57528"}],"wp:attachment":[{"href":"https:\/\/masservicios.co\/index.php?rest_route=%2Fwp%2Fv2%2Fmedia&parent=57365"}],"curies":[{"name":"wp","href":"https:\/\/api.w.org\/{rel}","templated":true}]}}