{"id":57315,"date":"2020-04-07T22:31:29","date_gmt":"2020-04-07T22:31:29","guid":{"rendered":"http:\/\/masservicios.co\/?page_id=57315"},"modified":"2020-04-08T22:53:09","modified_gmt":"2020-04-08T22:53:09","slug":"servicios-mas","status":"publish","type":"page","link":"https:\/\/masservicios.co\/?page_id=57315","title":{"rendered":"Servicios"},"content":{"rendered":"<p>[vc_row full_width=&#8221;stretch_row_content_no_spaces&#8221; css=&#8221;.vc_custom_1586301958576{background-color: #ffffff !important;}&#8221;][vc_column width=&#8221;1\/2&#8243; css=&#8221;.vc_custom_1586300109035{margin-top: 100px !important;margin-left: 40px !important;padding-right: 60px !important;}&#8221;]<style type=\"text\/css\" data-type=\"the7_shortcodes-inline-css\">.shortcode-single-image-wrap.shortcode-single-image-9fa65acc8801c00a7781066e196f70d6.enable-bg-rollover .rollover i,\n.shortcode-single-image-wrap.shortcode-single-image-9fa65acc8801c00a7781066e196f70d6.enable-bg-rollover .rollover-video i {\n  background: -webkit-linear-gradient();\n  background: linear-gradient();\n}\n.shortcode-single-image-wrap.shortcode-single-image-9fa65acc8801c00a7781066e196f70d6 .rollover-icon {\n  font-size: 32px;\n  color: #ffffff;\n  min-width: 44px;\n  min-height: 44px;\n  line-height: 44px;\n  border-radius: 100px;\n  border-style: solid;\n  border-width: 0px;\n}\n.dt-icon-bg-on.shortcode-single-image-wrap.shortcode-single-image-9fa65acc8801c00a7781066e196f70d6 .rollover-icon {\n  background: rgba(255,255,255,0.3);\n  box-shadow: none;\n}\n<\/style><div class=\"shortcode-single-image-wrap shortcode-single-image-9fa65acc8801c00a7781066e196f70d6 alignnone  enable-bg-rollover dt-icon-bg-off\" style=\"margin-top:0px; margin-bottom:0px; margin-left:0px; margin-right:0px; width:500px;\" data-pretty-share=\"facebook,twitter,whatsapp,linkedin\"><div class=\"shortcode-single-image\"><div class=\"fancy-media-wrap  layzr-bg\" style=\"\"><img loading=\"lazy\" decoding=\"async\" class=\"preload-me lazy-load\" src=\"data:image\/svg+xml,%3Csvg%20xmlns%3D&#39;http%3A%2F%2Fwww.w3.org%2F2000%2Fsvg&#39;%20viewBox%3D&#39;0%200%20500%20160&#39;%2F%3E\" data-src=\"https:\/\/masservicios.co\/wp-content\/uploads\/2020\/03\/mantenimiento-aseo-empresas-servicios-bogota-colombia-certificados-logo-1-500x160.png\" data-srcset=\"https:\/\/masservicios.co\/wp-content\/uploads\/2020\/03\/mantenimiento-aseo-empresas-servicios-bogota-colombia-certificados-logo-1-500x160.png 500w, https:\/\/masservicios.co\/wp-content\/uploads\/2020\/03\/mantenimiento-aseo-empresas-servicios-bogota-colombia-certificados-logo-1-612x195.png 612w\" width=\"500\" height=\"160\"  data-dt-location=\"https:\/\/masservicios.co\/?attachment_id=499\" style=\"\" alt=\"\" \/><\/div><\/div><\/div><div id=\"ultimate-heading-584269f5a7da4b24e\" class=\"uvc-heading ult-adjust-bottom-margin ultimate-heading-584269f5a7da4b24e uvc-1095  uvc-heading-default-font-sizes\" data-hspacer=\"no_spacer\"  data-halign=\"center\" style=\"text-align:center\"><div class=\"uvc-heading-spacer no_spacer\" style=\"top\"><\/div><div class=\"uvc-sub-heading ult-responsive\"  data-ultimate-target='.uvc-heading.ultimate-heading-584269f5a7da4b24e .uvc-sub-heading '  data-responsive-json-new='{\"font-size\":\"\",\"line-height\":\"\"}'  style=\"font-weight:normal;\"><\/p>\n<p style=\"text-align: center;\">Nos preocupamos por el bienestar de todos nuestros empleados y por eso brindamos capacitaci\u00f3n continua y nos comprometemos a incorporar la variable de sostenibilidad en todo lo que hacemos. Nuestra calidad esta certificada por los est\u00e1ndares<strong> ISO 9001, ISO 14001 <\/strong>y <strong>OHSAS 18001.<\/strong><\/p>\n<p><\/div><\/div>[vc_empty_space height=&#8221;50px&#8221;]<style type=\"text\/css\" data-type=\"the7_shortcodes-inline-css\">#default-btn-2fa16267f785fbfbd01c1a9a7a79b5ee.ico-right-side > i {\n  margin-right: 0px;\n  margin-left: 8px;\n}\n#default-btn-2fa16267f785fbfbd01c1a9a7a79b5ee > i {\n  margin-right: 8px;\n}\n<\/style><div class=\"btn-align-center\"><a href=\"http:\/\/masservicios.co\/?page_id=57315\/ #contacto_servicios\" class=\"default-btn-shortcode dt-btn dt-btn-m link-hover-off \" id=\"default-btn-2fa16267f785fbfbd01c1a9a7a79b5ee\" title=\"contact-servicios\"><span>Solicita una cotizaci\u00f3n<\/span><\/a><\/div>[\/vc_column][vc_column width=&#8221;1\/2&#8243;][vc_single_image image=&#8221;57329&#8243; img_size=&#8221;full&#8221; alignment=&#8221;center&#8221;][\/vc_column][\/vc_row][vc_row full_width=&#8221;stretch_row_content_no_spaces&#8221; css=&#8221;.vc_custom_1586292291524{margin-right: 60px !important;padding-top: -50px !important;}&#8221;][vc_column width=&#8221;1\/2&#8243; css=&#8221;.vc_custom_1586303170275{padding-right: 30px !important;padding-left: 60px !important;}&#8221;]<div id=\"ultimate-heading-632869f5a7da4b352\" class=\"uvc-heading ult-adjust-bottom-margin ultimate-heading-632869f5a7da4b352 uvc-418  uvc-heading-default-font-sizes\" data-hspacer=\"no_spacer\"  data-halign=\"left\" style=\"text-align:left\"><div class=\"uvc-heading-spacer no_spacer\" style=\"top\"><\/div><div class=\"uvc-sub-heading ult-responsive\"  data-ultimate-target='.uvc-heading.ultimate-heading-632869f5a7da4b352 .uvc-sub-heading '  data-responsive-json-new='{\"font-size\":\"\",\"line-height\":\"\"}'  style=\"font-weight:normal;color:#2b347e;\"><\/p>\n<h3 style=\"color: #2b347e; text-align: left;\"><strong>PRESTAMOS SERVICIOS DE:<\/strong><\/h3>\n<p><\/div><\/div>[vc_separator color=&#8221;blue&#8221; align=&#8221;align_left&#8221; border_width=&#8221;2&#8243; el_width=&#8221;10&#8243;][vc_single_image image=&#8221;57341&#8243; img_size=&#8221;full&#8221;][vc_column_text]Los <strong>servicios empresariales<\/strong> constituyen la mayor\u00eda de nuestros clientes, haci\u00e9ndonos muy fuertes y competitivos en este mercado demostrando por que MAS S.A. se ha mantenido por m\u00e1s de 50 a\u00f1os prestando siempre un excelente servicio, manteniendo unas excelentes relaciones con nuestros clientes solucionando sus necesidades tanto de personal como de productos y maquinaria.[\/vc_column_text][\/vc_column][vc_column width=&#8221;1\/2&#8243; css=&#8221;.vc_custom_1586303178350{padding-right: 60px !important;padding-left: 30px !important;}&#8221;]<div id=\"ultimate-heading-457969f5a7da4b384\" class=\"uvc-heading ult-adjust-bottom-margin ultimate-heading-457969f5a7da4b384 uvc-8608  uvc-heading-default-font-sizes\" data-hspacer=\"no_spacer\"  data-halign=\"left\" style=\"text-align:left\"><div class=\"uvc-heading-spacer no_spacer\" style=\"top\"><\/div><div class=\"uvc-sub-heading ult-responsive\"  data-ultimate-target='.uvc-heading.ultimate-heading-457969f5a7da4b384 .uvc-sub-heading '  data-responsive-json-new='{\"font-size\":\"\",\"line-height\":\"\"}'  style=\"font-weight:normal;color:#2b347e;\"><\/p>\n<h3 style=\"color: #2b347e; text-align: left;\"><strong>PRESTAMOS SERVICIOS DE:<\/strong><\/h3>\n<p><\/div><\/div>[vc_separator color=&#8221;blue&#8221; align=&#8221;align_left&#8221; border_width=&#8221;2&#8243; el_width=&#8221;10&#8243;][vc_single_image image=&#8221;57342&#8243; img_size=&#8221;full&#8221;][vc_column_text]Nuestros clientes de <strong>Propiedad Horizontal<\/strong> constituyen el segundo canal m\u00e1s importante, sabemos que estos clientes tienen diferentes necesidades a los clientes empresariales. El personal debe tener un perfil especifico y funciones diferentes, por eso nuestra selecci\u00f3n es minuciosa para cumplir con los requerimientos y prestar un servicio personalizado.[\/vc_column_text][\/vc_column][\/vc_row][vc_row full_width=&#8221;stretch_row_content_no_spaces&#8221; content_placement=&#8221;middle&#8221; parallax=&#8221;content-moving&#8221; parallax_content=&#8221;parallax_content_value&#8221; css=&#8221;.vc_custom_1586279661167{margin-right: 5% !important;margin-left: 5% !important;background-image: url(http:\/\/masservicios.co\/wp-content\/uploads\/2020\/03\/mantenimiento-aseo-empresas-servicios-bogota-colombia-certificados-fondo-ondas.jpg?id=506) !important;}&#8221;][vc_column css=&#8221;.vc_custom_1586279503635{margin-right: 100px !important;margin-left: 100px !important;padding-top: 80px !important;padding-bottom: 80px !important;}&#8221;][vc_column_text css=&#8221;.vc_custom_1586302879388{margin-top: 100px !important;margin-right: 5% !important;margin-bottom: 100px !important;margin-left: 5% !important;}&#8221;]<\/p>\n<h3 style=\"text-align: center;\">Nuestros servicios est\u00e1n certificados por Bureau Veritas (ISO) e ISSA, procuramos que toda nuestra experiencia se transmita en su tranquilidad.<\/h3>\n<p>[\/vc_column_text][\/vc_column][\/vc_row][vc_row full_width=&#8221;stretch_row_content_no_spaces&#8221; gap=&#8221;10&#8243; css=&#8221;.vc_custom_1586304935467{padding-right: 60px !important;padding-left: 60px !important;}&#8221;][vc_column width=&#8221;1\/2&#8243;]<div id=\"ultimate-heading-742769f5a7da4b3ad\" class=\"uvc-heading ult-adjust-bottom-margin ultimate-heading-742769f5a7da4b3ad uvc-4524  uvc-heading-default-font-sizes\" data-hspacer=\"no_spacer\"  data-halign=\"left\" style=\"text-align:left\"><div class=\"uvc-heading-spacer no_spacer\" style=\"top\"><\/div><div class=\"uvc-sub-heading ult-responsive\"  data-ultimate-target='.uvc-heading.ultimate-heading-742769f5a7da4b3ad .uvc-sub-heading '  data-responsive-json-new='{\"font-size\":\"\",\"line-height\":\"\"}'  style=\"font-weight:normal;color:#2b347e;\"><\/p>\n<h3 style=\"color: #2b347e; text-align: left;\"><strong>NUESTROS SERVICIOS:<\/strong><\/h3>\n<p><\/div><\/div>[vc_separator color=&#8221;blue&#8221; align=&#8221;align_left&#8221; border_width=&#8221;2&#8243; el_width=&#8221;10&#8243;]<div class=\"uavc-list-icon uavc-list-icon-wrapper ult-adjust-bottom-margin   \"><ul class=\"uavc-list\"><li><div class=\"uavc-list-content\" id=\"list-icon-wrap-9331\">\n<div class=\"uavc-list-icon  \" data-animation=\"\" data-animation-delay=\"03\" style=\"margin-right:50px;\"><div class=\"ult-just-icon-wrapper  \"><div class=\"align-icon\" style=\"text-align:center;\">\n<div class=\"aio-icon-img \" style=\"font-size:100px;display:inline-block;\" >\n\t<img decoding=\"async\" class=\"img-icon\" alt=\"null\" src=\"https:\/\/masservicios.co\/wp-content\/uploads\/2020\/04\/ICON-hoja-manteniento-aseo-servicios-1.png\"\/>\n<\/div><\/div><\/div>\n<\/div><span  data-ultimate-target='#list-icon-wrap-9331 .uavc-list-desc'  data-responsive-json-new='{\"font-size\":\"\",\"line-height\":\"\"}'  class=\"uavc-list-desc ult-responsive\" style=\"\"><strong>MANTENIMIENTO:<\/strong> Para completar nuestro paquete de servicios decidimos tener la posibilidad de ofrecer mantenimiento locativo de instalaciones, este tipo de mantenimiento incluye servicios como jardiner\u00eda, plomer\u00eda b\u00e1sica y electricidad b\u00e1sica.<\/span><\/div><\/li><li><div class=\"uavc-list-content\" id=\"list-icon-wrap-3580\">\n<div class=\"uavc-list-icon  \" data-animation=\"\" data-animation-delay=\"03\" style=\"margin-right:50px;\"><div class=\"ult-just-icon-wrapper  \"><div class=\"align-icon\" style=\"text-align:center;\">\n<div class=\"aio-icon-img \" style=\"font-size:100px;display:inline-block;\" >\n\t<img decoding=\"async\" class=\"img-icon\" alt=\"null\" src=\"https:\/\/masservicios.co\/wp-content\/uploads\/2020\/04\/ICON-hoja-manteniento-aseo-servicios-2.png\"\/>\n<\/div><\/div><\/div>\n<\/div><span  data-ultimate-target='#list-icon-wrap-3580 .uavc-list-desc'  data-responsive-json-new='{\"font-size\":\"\",\"line-height\":\"\"}'  class=\"uavc-list-desc ult-responsive\" style=\"\"><strong>ASEO: <\/strong>En MAS SA consideramos el aseo como una barrera para los virus y bactarias que cuida de los empleados de las empresas que nos eligen. Por eso nuestros operarios son capacitados continuamente<\/span><\/div><\/li><li><div class=\"uavc-list-content\" id=\"list-icon-wrap-3740\">\n<div class=\"uavc-list-icon  \" data-animation=\"\" data-animation-delay=\"03\" style=\"margin-right:50px;\"><div class=\"ult-just-icon-wrapper  \"><div class=\"align-icon\" style=\"text-align:center;\">\n<div class=\"aio-icon-img \" style=\"font-size:100px;display:inline-block;\" >\n\t<img decoding=\"async\" class=\"img-icon\" alt=\"null\" src=\"https:\/\/masservicios.co\/wp-content\/uploads\/2020\/04\/ICON-hoja-manteniento-aseo-servicios-3.png\"\/>\n<\/div><\/div><\/div>\n<\/div><span  data-ultimate-target='#list-icon-wrap-3740 .uavc-list-desc'  data-responsive-json-new='{\"font-size\":\"\",\"line-height\":\"\"}'  class=\"uavc-list-desc ult-responsive\" style=\"\"><strong>JARDINER\u00cdA: <\/strong>El cuidado de las plantas en la propiedad horizontal resulta muy importante para los vecinos, las personas y la naturaleza se siente mejor cuando son cuidadas.<\/span><\/div><\/li><li><div class=\"uavc-list-content\" id=\"list-icon-wrap-7775\">\n<div class=\"uavc-list-icon  \" data-animation=\"\" data-animation-delay=\"03\" style=\"margin-right:50px;\"><div class=\"ult-just-icon-wrapper  \"><div class=\"align-icon\" style=\"text-align:center;\">\n<div class=\"aio-icon-img \" style=\"font-size:100px;display:inline-block;\" >\n\t<img decoding=\"async\" class=\"img-icon\" alt=\"null\" src=\"https:\/\/masservicios.co\/wp-content\/uploads\/2020\/04\/ICON-hoja-manteniento-aseo-servicios-5.png\"\/>\n<\/div><\/div><\/div>\n<\/div><span  data-ultimate-target='#list-icon-wrap-7775 .uavc-list-desc'  data-responsive-json-new='{\"font-size\":\"\",\"line-height\":\"\"}'  class=\"uavc-list-desc ult-responsive\" style=\"\"><strong>CAFETER\u00cdA: <\/strong>Para ayudar a incrementar la productividad de los empleados. Teniendo en cuenta que un buen servicio siempre impacta de manera positiva en el estado de \u00e1nimo de quien lo recibe, prestamos este servicio.<\/span><\/div><\/li><li><div class=\"uavc-list-content\" id=\"list-icon-wrap-4097\">\n<div class=\"uavc-list-icon  \" data-animation=\"\" data-animation-delay=\"03\" style=\"margin-right:50px;\"><div class=\"ult-just-icon-wrapper  \"><div class=\"align-icon\" style=\"text-align:center;\">\n<div class=\"aio-icon-img \" style=\"font-size:100px;display:inline-block;\" >\n\t<img decoding=\"async\" class=\"img-icon\" alt=\"null\" src=\"https:\/\/masservicios.co\/wp-content\/uploads\/2020\/04\/ICON-hoja-manteniento-aseo-servicios-4.png\"\/>\n<\/div><\/div><\/div>\n<\/div><span  data-ultimate-target='#list-icon-wrap-4097 .uavc-list-desc'  data-responsive-json-new='{\"font-size\":\"\",\"line-height\":\"\"}'  class=\"uavc-list-desc ult-responsive\" style=\"\"><b>DESINFECCI\u00d3N:<\/b>\u00a0Queremos ofrecerle la desinfecci\u00f3n de casas y oficinas con un producto 100% natural, totalmente seguro para la salud, que adem\u00e1s <strong><em>elimina el 99.9% de virus y bacterias.<\/em><\/strong><\/span><\/div><\/li><\/ul><\/div>[\/vc_column][vc_column width=&#8221;1\/2&#8243;][vc_single_image image=&#8221;57276&#8243; img_size=&#8221;medium&#8221; alignment=&#8221;center&#8221; css=&#8221;.vc_custom_1586305427080{margin-top: 50px !important;}&#8221;][vc_column_text css=&#8221;.vc_custom_1586303349481{margin-right: 60px !important;margin-left: 60px !important;}&#8221;]<\/p>\n<p style=\"text-align: left;\">Nuestra experiencia es su tranquilidad, por eso queremos brindarle el apoyo de nuestra familia. Para MAS S.A. el aseo no es solo limpieza y desinfecci\u00f3n, es una labor que tiene un impacto muy importante en la vida de todas las personas y por ese motivo nos hemos especializado en la realizaci\u00f3n de esta tarea, haciendo levantamiento de procedimientos, capacitando a nuestros operarios en las mejores formas de trabajo y certific\u00e1ndonos.<\/p>\n<p>[\/vc_column_text][\/vc_column][\/vc_row][vc_row][vc_column][\/vc_column][\/vc_row][vc_row el_id=&#8221;contacto_servicios&#8221;][vc_column width=&#8221;1\/2&#8243;]<div id=\"ultimate-heading-36169f5a7da4bf2f\" class=\"uvc-heading ult-adjust-bottom-margin ultimate-heading-36169f5a7da4bf2f uvc-7877  uvc-heading-default-font-sizes\" data-hspacer=\"no_spacer\"  data-halign=\"left\" style=\"text-align:left\"><div class=\"uvc-heading-spacer no_spacer\" style=\"top\"><\/div><div class=\"uvc-sub-heading ult-responsive\"  data-ultimate-target='.uvc-heading.ultimate-heading-36169f5a7da4bf2f .uvc-sub-heading '  data-responsive-json-new='{\"font-size\":\"\",\"line-height\":\"\"}'  style=\"font-weight:normal;color:#2b347e;\"><\/p>\n<h3 style=\"color: #2b347e; text-align: left;\"><strong>CONTACTO:<\/strong><\/h3>\n<p><\/div><\/div>[vc_separator color=&#8221;blue&#8221; align=&#8221;align_left&#8221; border_width=&#8221;2&#8243; el_width=&#8221;10&#8243;]<div role=\"form\" class=\"wpcf7\" id=\"wpcf7-f250-o1\" lang=\"es-ES\" dir=\"ltr\">\n<div class=\"screen-reader-response\"><\/div>\n<form action=\"\/index.php?rest_route=%2Fwp%2Fv2%2Fpages%2F57315#wpcf7-f250-o1\" method=\"post\" class=\"wpcf7-form\" novalidate=\"novalidate\">\n<div style=\"display: none;\">\n<input type=\"hidden\" name=\"_wpcf7\" value=\"250\" \/>\n<input type=\"hidden\" name=\"_wpcf7_version\" value=\"5.1.7\" \/>\n<input type=\"hidden\" name=\"_wpcf7_locale\" value=\"es_ES\" \/>\n<input type=\"hidden\" name=\"_wpcf7_unit_tag\" value=\"wpcf7-f250-o1\" \/>\n<input type=\"hidden\" name=\"_wpcf7_container_post\" value=\"0\" \/>\n<\/div>\n<p><label> Nombre (requerido)<br \/>\n    <span class=\"wpcf7-form-control-wrap your-name\"><input type=\"text\" name=\"your-name\" value=\"\" size=\"40\" class=\"wpcf7-form-control wpcf7-text wpcf7-validates-as-required\" aria-required=\"true\" aria-invalid=\"false\" \/><\/span> <\/label><\/p>\n<p><label> Tu correo electr\u00f3nico (requerido)<br \/>\n    <span class=\"wpcf7-form-control-wrap your-email\"><input type=\"email\" name=\"your-email\" value=\"\" size=\"40\" class=\"wpcf7-form-control wpcf7-text wpcf7-email wpcf7-validates-as-required wpcf7-validates-as-email\" aria-required=\"true\" aria-invalid=\"false\" \/><\/span> <\/label><\/p>\n<p><label> Asunto<br \/>\n    <span class=\"wpcf7-form-control-wrap your-subject\"><input type=\"text\" name=\"your-subject\" value=\"\" size=\"40\" class=\"wpcf7-form-control wpcf7-text\" aria-invalid=\"false\" \/><\/span> <\/label><\/p>\n<p><label> Mensaje<br \/>\n    <span class=\"wpcf7-form-control-wrap your-message\"><textarea name=\"your-message\" cols=\"40\" rows=\"10\" class=\"wpcf7-form-control wpcf7-textarea\" aria-invalid=\"false\"><\/textarea><\/span> <\/label><\/p>\n<p><input type=\"submit\" value=\"Enviar\" class=\"wpcf7-form-control wpcf7-submit\" \/><\/p>\n<div class=\"wpcf7-response-output wpcf7-display-none\"><\/div><\/form><\/div>[\/vc_column][vc_column width=&#8221;1\/2&#8243;][vc_empty_space height=&#8221;100px&#8221;][vc_column_text]<img loading=\"lazy\" decoding=\"async\" class=\"alignnone size-full wp-image-57298\" src=\"http:\/\/masservicios.co\/wp-content\/uploads\/2020\/04\/WEB-MAS-2020-contacto.png\" alt=\"\" width=\"350\" height=\"73\" srcset=\"https:\/\/masservicios.co\/wp-content\/uploads\/2020\/04\/WEB-MAS-2020-contacto.png 350w, https:\/\/masservicios.co\/wp-content\/uploads\/2020\/04\/WEB-MAS-2020-contacto-300x63.png 300w\" sizes=\"auto, (max-width: 350px) 100vw, 350px\" \/><br \/>\nCarrera 16a # 79-95,<br \/>\nBogot\u00e1, Colombia<br \/>\nTel\u00e9fono: 616 89 81<br \/>\nEmail:\u00a0<a href=\"mailto:info@masservicios.co\">info@masservicios.co<\/a><br \/>\nWeb:\u00a0<a href=\"http:\/\/masservicios.co\/\">masservicios.co\/<\/a>[\/vc_column_text][\/vc_column][\/vc_row]<\/p>\n","protected":false},"excerpt":{"rendered":"<p>[vc_row full_width=&#8221;stretch_row_content_no_spaces&#8221; css=&#8221;.vc_custom_1586301958576{background-color: #ffffff !important;}&#8221;][vc_column width=&#8221;1\/2&#8243; css=&#8221;.vc_custom_1586300109035{margin-top: 100px !important;margin-left: 40px !important;padding-right: 60px !important;}&#8221;][vc_empty_space height=&#8221;50px&#8221;][\/vc_column][vc_column width=&#8221;1\/2&#8243;][vc_single_image image=&#8221;57329&#8243; img_size=&#8221;full&#8221; alignment=&#8221;center&#8221;][\/vc_column][\/vc_row][vc_row full_width=&#8221;stretch_row_content_no_spaces&#8221; css=&#8221;.vc_custom_1586292291524{margin-right: 60px !important;padding-top: -50px !important;}&#8221;][vc_column width=&#8221;1\/2&#8243; css=&#8221;.vc_custom_1586303170275{padding-right: 30px !important;padding-left: 60px !important;}&#8221;][vc_separator color=&#8221;blue&#8221; align=&#8221;align_left&#8221; border_width=&#8221;2&#8243; el_width=&#8221;10&#8243;][vc_single_image image=&#8221;57341&#8243; img_size=&#8221;full&#8221;][vc_column_text]Los servicios empresariales constituyen la mayor\u00eda de nuestros clientes, haci\u00e9ndonos muy fuertes y competitivos en este mercado demostrando por que&hellip;<\/p>\n","protected":false},"author":1,"featured_media":0,"parent":0,"menu_order":1,"comment_status":"closed","ping_status":"closed","template":"","meta":{"footnotes":""},"class_list":["post-57315","page","type-page","status-publish","hentry","description-off"],"_links":{"self":[{"href":"https:\/\/masservicios.co\/index.php?rest_route=\/wp\/v2\/pages\/57315","targetHints":{"allow":["GET"]}}],"collection":[{"href":"https:\/\/masservicios.co\/index.php?rest_route=\/wp\/v2\/pages"}],"about":[{"href":"https:\/\/masservicios.co\/index.php?rest_route=\/wp\/v2\/types\/page"}],"author":[{"embeddable":true,"href":"https:\/\/masservicios.co\/index.php?rest_route=\/wp\/v2\/users\/1"}],"replies":[{"embeddable":true,"href":"https:\/\/masservicios.co\/index.php?rest_route=%2Fwp%2Fv2%2Fcomments&post=57315"}],"version-history":[{"count":41,"href":"https:\/\/masservicios.co\/index.php?rest_route=\/wp\/v2\/pages\/57315\/revisions"}],"predecessor-version":[{"id":57434,"href":"https:\/\/masservicios.co\/index.php?rest_route=\/wp\/v2\/pages\/57315\/revisions\/57434"}],"wp:attachment":[{"href":"https:\/\/masservicios.co\/index.php?rest_route=%2Fwp%2Fv2%2Fmedia&parent=57315"}],"curies":[{"name":"wp","href":"https:\/\/api.w.org\/{rel}","templated":true}]}}