{"id":57186,"date":"2020-04-08T13:00:26","date_gmt":"2020-04-08T13:00:26","guid":{"rendered":"http:\/\/masservicios.co\/?page_id=57186"},"modified":"2026-03-25T01:56:42","modified_gmt":"2026-03-25T01:56:42","slug":"mas-servicios","status":"publish","type":"page","link":"https:\/\/masservicios.co\/","title":{"rendered":"MAS"},"content":{"rendered":"<p>[vc_row css=&#8221;.vc_custom_1774391821436{margin-top: 50px !important;}&#8221;][vc_column css=&#8221;.vc_custom_1774391464080{margin-top: 30px !important;}&#8221;][vc_column_text]<\/p>\n<h2>\u00bfPor qu\u00e9 elegir a MAS?<\/h2>\n<p>En MAS entendemos que cada empresa necesita mucho m\u00e1s que un servicio de limpieza. Por eso trabajamos como un aliado estrat\u00e9gico, brindando soluciones integrales que garantizan continuidad operativa, eficiencia en los procesos y un acompa\u00f1amiento permanente para nuestros clientes.<br \/>\nNuestro compromiso es ofrecer servicios confiables, sostenibles y adaptados a las necesidades de cada organizaci\u00f3n.[\/vc_column_text][vc_raw_html]JTNDbWV0YSUyMG5hbWUlM0QlMjJmYWNlYm9vay1kb21haW4tdmVyaWZpY2F0aW9uJTIyJTIwY29udGVudCUzRCUyMmVsdGQ5NnVpODZlbHVucXB2ZGp6eTlzM3NmazMyYSUyMiUyMCUyRiUzRQ==[\/vc_raw_html][vc_tta_accordion active_section=&#8221;1&#8243;][vc_tta_section title=&#8221;Continuidad del servicio&#8221; tab_id=&#8221;1774390150141-f736954a-99fc&#8221;][vc_column_text]Contamos con protocolos de respaldo y reemplazos que garantizan continuidad del servicio sin afectar la operaci\u00f3n.[\/vc_column_text][\/vc_tta_section][vc_tta_section title=&#8221;Atenci\u00f3n personalizada&#8221; tab_id=&#8221;1774390150151-ec30c30d-fda3&#8243;][vc_column_text]Mantenemos comunicaci\u00f3n permanente para atender solicitudes, resolver novedades y brindar acompa\u00f1amiento cercano a cada cliente.[\/vc_column_text][\/vc_tta_section][vc_tta_section title=&#8221;Supervisi\u00f3n y mejora continua&#8221; tab_id=&#8221;1774391186276-82ce9396-f0c3&#8243;][vc_column_text]Supervisores realizan visitas peri\u00f3dicas para verificar protocolos, acompa\u00f1ar al personal e identificar oportunidades de mejora.[\/vc_column_text][\/vc_tta_section][vc_tta_section title=&#8221;Gesti\u00f3n y control de insumos&#8221; tab_id=&#8221;1774391271765-a52ce9a5-4a6e&#8221;][vc_column_text]Garantizamos suministro oportuno de insumos con seguimiento, trazabilidad de pedidos y control eficiente del consumo.[\/vc_column_text][\/vc_tta_section][vc_tta_section title=&#8221;Acompa\u00f1amiento normativo&#8221; tab_id=&#8221;1774391482754-b0348eee-ea6f&#8221;][vc_column_text]Brindamos soporte en seguridad laboral, manejo de qu\u00edmicos, gesti\u00f3n ambiental y documentaci\u00f3n para auditor\u00edas.[\/vc_column_text][\/vc_tta_section][vc_tta_section title=&#8221;Personal capacitado&#8221; tab_id=&#8221;1774395161933-ca99ce2e-d332&#8243;][vc_column_text]Contamos con personal seleccionado y capacitado en limpieza profesional, seguridad y atenci\u00f3n al cliente.[\/vc_column_text][\/vc_tta_section][vc_tta_section title=&#8221;Soluciones integrales&#8221; tab_id=&#8221;1774395309121-9727dec1-ef1d&#8221;][vc_column_text]Ofrecemos m\u00faltiples servicios en un solo proveedor, simplificando la gesti\u00f3n operativa y administrativa de nuestros clientes.[\/vc_column_text][\/vc_tta_section][\/vc_tta_accordion][\/vc_column][\/vc_row][vc_row full_width=&#8221;stretch_row_content_no_spaces&#8221; content_placement=&#8221;middle&#8221; parallax=&#8221;content-moving&#8221; parallax_content=&#8221;parallax_content_value&#8221; css=&#8221;.vc_custom_1586279661167{margin-right: 5% !important;margin-left: 5% !important;background-image: url(http:\/\/masservicios.co\/wp-content\/uploads\/2020\/03\/mantenimiento-aseo-empresas-servicios-bogota-colombia-certificados-fondo-ondas.jpg?id=506) !important;}&#8221;][vc_column css=&#8221;.vc_custom_1586279503635{margin-right: 100px !important;margin-left: 100px !important;padding-top: 80px !important;padding-bottom: 80px !important;}&#8221;][vc_column_text css=&#8221;.vc_custom_1774395457003{margin-top: 100px !important;margin-right: 5% !important;margin-bottom: 100px !important;margin-left: 5% !important;}&#8221;]<\/p>\n<h2 style=\"text-align: center;\">\u00bfNecesitas un proveedor confiable que se encargue de todo?<\/h2>\n<p>[\/vc_column_text][vc_btn title=&#8221;Cotizar ahora&#8221; style=&#8221;custom&#8221; custom_background=&#8221;#2b347e&#8221; custom_text=&#8221;#ffffff&#8221; shape=&#8221;round&#8221; size=&#8221;lg&#8221; align=&#8221;center&#8221; link=&#8221;url:https%3A%2F%2Fmasservicios.co%2F%3Fpage_id%3D45116|title:Cont%C3%A1cto||&#8221;][\/vc_column][\/vc_row][vc_row gap=&#8221;20&#8243; equal_height=&#8221;yes&#8221; content_placement=&#8221;middle&#8221; css=&#8221;.vc_custom_1774401058579{margin-top: 50px !important;margin-left: 5% !important;background-color: #ffffff !important;}&#8221;][vc_column width=&#8221;1\/2&#8243; css=&#8221;.vc_custom_1774400909588{margin-top: 50px !important;}&#8221;][vc_column_text]<\/p>\n<h3>Trabaja con nosotros<\/h3>\n<p>En MAS creemos que nuestro equipo humano es la base de un servicio de excelencia. Buscamos personas responsables, comprometidas y con vocaci\u00f3n de servicio que quieran crecer profesionalmente junto a nosotros.<\/p>\n<h3>Perfiles que buscamos:<\/h3>\n<p><strong>Operarios de aseo\u00a0<\/strong><br \/>\n<strong>Operarios de aseo y mantenimiento (todero)\u00a0<\/strong><br \/>\n<strong>Auxiliares de cafeter\u00eda\u00a0<\/strong><br \/>\n<strong>Personal de jardiner\u00eda\u00a0<\/strong><br \/>\n<strong>Supervisores de servicios generales<\/strong><\/p>\n<p>\ud83d\udce9 Env\u00edanos tu hoja a de vida a <a href=\"mailto:empleo@masservicios.co\"><strong>empleo@masservicios.co<\/strong><\/a> y haz parte de nuestro equipo.<br \/>\nNo te pierdas esta oportunidad.[\/vc_column_text][vc_empty_space height=&#8221;25px&#8221;][vc_btn title=&#8221;Postularme ahora&#8221; style=&#8221;custom&#8221; custom_background=&#8221;#2b347e&#8221; custom_text=&#8221;#ffffff&#8221; shape=&#8221;round&#8221; size=&#8221;lg&#8221; align=&#8221;left&#8221; link=&#8221;url:https%3A%2F%2Fempleosmasservicio.t3rsc.co%2Fbuscar_empleo|title:Postularme%20ahora||&#8221;][\/vc_column][vc_column width=&#8221;1\/2&#8243;][vc_single_image image=&#8221;57554&#8243; img_size=&#8221;full&#8221; alignment=&#8221;center&#8221;][\/vc_column][\/vc_row][vc_row css=&#8221;.vc_custom_1774391821436{margin-top: 50px !important;}&#8221;][vc_column css=&#8221;.vc_custom_1774391464080{margin-top: 30px !important;}&#8221;][vc_column_text]<\/p>\n<h2>Modelo de Operaci\u00f3n MAS<\/h2>\n<p>En MAS S.A. contamos con un modelo de operaci\u00f3n estructurado que nos permite garantizar control, seguimiento y mejora continua en cada uno de los servicios que prestamos. Nuestro enfoque integra procesos operativos claros, supervisi\u00f3n permanente y herramientas de gesti\u00f3n que aseguran altos est\u00e1ndares de calidad, eficiencia y organizaci\u00f3n en la prestaci\u00f3n del servicio.[\/vc_column_text][vc_tta_accordion active_section=&#8221;1&#8243;][vc_tta_section title=&#8221;Diagn\u00f3stico y planeaci\u00f3n&#8221; tab_id=&#8221;1774401154752-1781b933-157a&#8221;][vc_column_text]Analizamos cada instalaci\u00f3n para definir rutinas, personal, insumos y equipos seg\u00fan las necesidades de su operaci\u00f3n.Nuestro compromiso es ofrecer servicios confiables, sostenibles y adaptados a las necesidades de cada organizaci\u00f3n.[\/vc_column_text][\/vc_tta_section][vc_tta_section title=&#8221;Selecci\u00f3n y capacitaci\u00f3n del personal&#8221; tab_id=&#8221;1774401154774-149c34fc-656e&#8221;][vc_column_text]Seleccionamos y capacitamos personal en limpieza profesional, seguridad, manejo de insumos y atenci\u00f3n al cliente.[\/vc_column_text][\/vc_tta_section][vc_tta_section title=&#8221;Ejecuci\u00f3n del servicio&#8221; tab_id=&#8221;1774401154793-8246e97a-fda9&#8243;][vc_column_text]Ejecutamos rutinas de limpieza y mantenimiento con procedimientos estandarizados que garantizan espacios limpios y seguros.[\/vc_column_text][\/vc_tta_section][vc_tta_section title=&#8221;Trazabilidad y reportes&#8221; tab_id=&#8221;1774401154814-35dd347b-625d&#8221;][vc_column_text]Generamos registros y reportes que permiten controlar insumos, evidenciar actividades y dar seguimiento al servicio.[\/vc_column_text][\/vc_tta_section][vc_tta_section title=&#8221;Inspecciones de calidad&#8221; tab_id=&#8221;1774401154834-c9855ecb-2e2d&#8221;][vc_column_text]Realizamos inspecciones peri\u00f3dicas para verificar protocolos, evaluar el servicio y fortalecer la calidad operativa.[\/vc_column_text][\/vc_tta_section][vc_tta_section title=&#8221;Supervisi\u00f3n regional&#8221; tab_id=&#8221;1774401154857-958c3dda-407b&#8221;][vc_column_text]Supervisores regionales acompa\u00f1an cada operaci\u00f3n y atienden oportunamente requerimientos en cada punto de servicio.[\/vc_column_text][\/vc_tta_section][vc_tta_section title=&#8221;Mejora continua&#8221; tab_id=&#8221;1774401154884-9175bcd9-e9bd&#8221;][vc_column_text]Analizamos resultados e identificamos oportunidades para optimizar procesos y mejorar continuamente el servicio.[\/vc_column_text][\/vc_tta_section][\/vc_tta_accordion][\/vc_column][\/vc_row][vc_row css=&#8221;.vc_custom_1774402134689{margin-top: 50px !important;}&#8221;][vc_column][vc_column_text]<\/p>\n<h3>Algunos de nuestros clientes<\/h3>\n<p>[\/vc_column_text]<style type=\"text\/css\" data-type=\"the7_shortcodes-inline-css\">.carousel-shortcode.carousel-shortcode-id-2482e12dd7cea89d5232fb300f282b4b .owl-nav a {\n  width: 36px;\n  height: 36px;\n  border-radius: 500px;\n}\n.dt-arrow-border-on.carousel-shortcode.carousel-shortcode-id-2482e12dd7cea89d5232fb300f282b4b .owl-nav a:not(:hover):before {\n  border-width: 0px;\n}\n.dt-arrow-hover-border-on.carousel-shortcode.carousel-shortcode-id-2482e12dd7cea89d5232fb300f282b4b .owl-nav a:hover:after {\n  border-width: 0px;\n}\n.carousel-shortcode.carousel-shortcode-id-2482e12dd7cea89d5232fb300f282b4b .owl-nav a.owl-prev {\n  top: 50%;\n  transform: translateY(calc(-50% + 0px));\n  left: -43px;\n}\n@media all and (-ms-high-contrast: none) {\n  .carousel-shortcode.carousel-shortcode-id-2482e12dd7cea89d5232fb300f282b4b .owl-nav a.owl-prev {\n    transform: translateY(-50%);\n    margin-top: 0px;\n  }\n}\n.carousel-shortcode.carousel-shortcode-id-2482e12dd7cea89d5232fb300f282b4b .owl-nav a.owl-prev i {\n  padding: 0px 0px 0px 0px;\n}\n.carousel-shortcode.carousel-shortcode-id-2482e12dd7cea89d5232fb300f282b4b .owl-nav a.owl-next {\n  top: 50%;\n  transform: translateY(calc(-50% + 0px));\n  right: -43px;\n}\n@media all and (-ms-high-contrast: none) {\n  .carousel-shortcode.carousel-shortcode-id-2482e12dd7cea89d5232fb300f282b4b .owl-nav a.owl-next {\n    transform: translateY(-50%);\n    margin-top: 0px;\n  }\n}\n.carousel-shortcode.carousel-shortcode-id-2482e12dd7cea89d5232fb300f282b4b .owl-nav a.owl-next i {\n  padding: 0px 0px 0px 0px;\n}\n.carousel-shortcode.carousel-shortcode-id-2482e12dd7cea89d5232fb300f282b4b .owl-nav i {\n  font-size: 18px;\n}\n.carousel-shortcode.carousel-shortcode-id-2482e12dd7cea89d5232fb300f282b4b .owl-nav a:not(:hover) i,\n.carousel-shortcode.carousel-shortcode-id-2482e12dd7cea89d5232fb300f282b4b .owl-nav a:not(:hover) i:before {\n  color: #ffffff;\n  background: none;\n}\n.carousel-shortcode.carousel-shortcode-id-2482e12dd7cea89d5232fb300f282b4b .owl-nav a:hover i,\n.carousel-shortcode.carousel-shortcode-id-2482e12dd7cea89d5232fb300f282b4b .owl-nav a:hover i:before {\n  color: rgba(255,255,255,0.75);\n  background: none;\n}\n.carousel-shortcode.carousel-shortcode-id-2482e12dd7cea89d5232fb300f282b4b .owl-dots {\n  top: calc(100% + 20px);\n  left: 50%;\n  transform: translateX(calc(-50% + 0px));\n}\n@media all and (-ms-high-contrast: none) {\n  .carousel-shortcode.carousel-shortcode-id-2482e12dd7cea89d5232fb300f282b4b .owl-dots {\n    transform: translateX(-50%);\n    margin-left: 0px;\n  }\n}\n.carousel-shortcode.carousel-shortcode-id-2482e12dd7cea89d5232fb300f282b4b .owl-dot {\n  width: 10px;\n  height: 10px;\n  margin: 0 8px;\n}\n@media screen and (max-width: 778px) {\n  .carousel-shortcode.carousel-shortcode-id-2482e12dd7cea89d5232fb300f282b4b.hide-arrows .owl-nav a {\n    display: none;\n  }\n}\n@media screen and (max-width: 778px) {\n  .carousel-shortcode.carousel-shortcode-id-2482e12dd7cea89d5232fb300f282b4b.reposition-arrows .owl-nav .owl-prev {\n    top: 50%;\n    transform: translateY(calc(-50% + 0px));\n    left: 10px;\n  }\n  .carousel-shortcode.carousel-shortcode-id-2482e12dd7cea89d5232fb300f282b4b.reposition-arrows .owl-nav .owl-next {\n    top: 50%;\n    transform: translateY(calc(-50% + 0px));\n    right: 10px;\n  }\n}\n@media screen and (max-width: 778px) and all and (-ms-high-contrast: none) {\n  .carousel-shortcode.carousel-shortcode-id-2482e12dd7cea89d5232fb300f282b4b.reposition-arrows .owl-nav .owl-prev {\n    transform: translateY(-50%);\n    margin-top: 0px;\n  }\n}\n@media screen and (max-width: 778px) and all and (-ms-high-contrast: none) {\n  .carousel-shortcode.carousel-shortcode-id-2482e12dd7cea89d5232fb300f282b4b.reposition-arrows .owl-nav .owl-next {\n    transform: translateY(-50%);\n    margin-top: 0px;\n  }\n}\n<\/style><div class=\"owl-carousel carousel-shortcode dt-owl-carousel-call carousel-shortcode-id-2482e12dd7cea89d5232fb300f282b4b bullets-small-dot-stroke reposition-arrows arrows-bg-on dt-arrow-border-on dt-arrow-hover-border-on disable-arrows-hover-bg arrows-hover-bg-on  \" data-scroll-mode=\"1\" data-col-num=\"3\" data-wide-col-num=\"4\" data-laptop-col=\"3\" data-h-tablet-columns-num=\"3\" data-v-tablet-columns-num=\"2\" data-phone-columns-num=\"1\" data-auto-height=\"true\" data-col-gap=\"30\" data-stage-padding=\"0\" data-speed=\"600\" data-autoplay=\"true\" data-autoplay_speed=\"6000\" data-arrows=\"true\" data-bullet=\"false\" data-next-icon=\"icon-ar-017-r\" data-prev-icon=\"icon-ar-017-l\">[vc_single_image image=&#8221;528&#8243; img_size=&#8221;full&#8221;][vc_single_image image=&#8221;527&#8243; img_size=&#8221;full&#8221;][vc_single_image image=&#8221;526&#8243; img_size=&#8221;full&#8221;][vc_single_image image=&#8221;525&#8243; img_size=&#8221;full&#8221;][vc_single_image image=&#8221;524&#8243; img_size=&#8221;full&#8221;][vc_single_image image=&#8221;522&#8243; img_size=&#8221;full&#8221;][vc_single_image image=&#8221;521&#8243; img_size=&#8221;full&#8221;]<\/div>[\/vc_column][\/vc_row][vc_row][vc_column][vc_column_text]<\/p>\n<h2 style=\"text-align: left;\">Experiencia y confianza<\/h2>\n<p>[\/vc_column_text][\/vc_column][\/vc_row][vc_row][vc_column width=&#8221;1\/2&#8243; css=&#8221;.vc_custom_1586294219593{margin-top: 60px !important;margin-left: 80px !important;}&#8221;][vc_column_text]M\u00e1s de 50 a\u00f1os acompa\u00f1ando empresas en Colombia[\/vc_column_text][vc_empty_space height=&#8221;30px&#8221;][vc_btn title=&#8221;Conoce m\u00e1s&#8221; style=&#8221;custom&#8221; custom_background=&#8221;#2b347e&#8221; custom_text=&#8221;#ffffff&#8221; shape=&#8221;round&#8221; size=&#8221;lg&#8221; align=&#8221;left&#8221; link=&#8221;url:https%3A%2F%2Fempleosmasservicio.t3rsc.co%2Fbuscar_empleo|title:Postularme%20ahora||&#8221;][\/vc_column][vc_column width=&#8221;1\/2&#8243; css=&#8221;.vc_custom_1586282983210{margin-top: 60px !important;}&#8221;][vc_column_text]<\/p>\n<h3>Evaluaci\u00f3n Evalcom<\/h3>\n<p>[\/vc_column_text][vc_progress_bar values=&#8221;%5B%7B%22label%22%3A%22Score%20%3A%2095%22%2C%22value%22%3A%2295%22%7D%2C%7B%22label%22%3A%22Calificaci%C3%B3n%20%3A%20AAA%2B%22%2C%22value%22%3A%2297%22%7D%2C%7B%22label%22%3A%22Confiabilidad%20%3A%20Alta%22%2C%22value%22%3A%2298%22%7D%5D&#8221;][vc_empty_space height=&#8221;30px&#8221;][vc_column_text]&#8221;La compa\u00f1\u00eda cuenta con procesos estructurados, se evidencia la documentaci\u00f3n de los sistemas que est\u00e1n estructurados, establecidos y ejecut\u00e1ndose. La compa\u00f1\u00eda tiene un compromiso muy definido desde a direcci\u00f3n, as\u00ed como tambi\u00e9n se evidencia el compromiso de los empleados con la ejecuci\u00f3n de los sistemas.&#8221;[\/vc_column_text][\/vc_column][\/vc_row][vc_row el_id=&#8221;contact_home&#8221;][vc_column width=&#8221;1\/2&#8243;][vc_column_text]<\/p>\n<h3>Contacto:<\/h3>\n<p>[\/vc_column_text]<div role=\"form\" class=\"wpcf7\" id=\"wpcf7-f250-o1\" lang=\"es-ES\" dir=\"ltr\">\n<div class=\"screen-reader-response\"><\/div>\n<form action=\"\/index.php?rest_route=%2Fwp%2Fv2%2Fpages%2F57186#wpcf7-f250-o1\" method=\"post\" class=\"wpcf7-form\" novalidate=\"novalidate\">\n<div style=\"display: none;\">\n<input type=\"hidden\" name=\"_wpcf7\" value=\"250\" \/>\n<input type=\"hidden\" name=\"_wpcf7_version\" value=\"5.1.7\" \/>\n<input type=\"hidden\" name=\"_wpcf7_locale\" value=\"es_ES\" \/>\n<input type=\"hidden\" name=\"_wpcf7_unit_tag\" value=\"wpcf7-f250-o1\" \/>\n<input type=\"hidden\" name=\"_wpcf7_container_post\" value=\"0\" \/>\n<\/div>\n<p><label> Nombre (requerido)<br \/>\n    <span class=\"wpcf7-form-control-wrap your-name\"><input type=\"text\" name=\"your-name\" value=\"\" size=\"40\" class=\"wpcf7-form-control wpcf7-text wpcf7-validates-as-required\" aria-required=\"true\" aria-invalid=\"false\" \/><\/span> <\/label><\/p>\n<p><label> Tu correo electr\u00f3nico (requerido)<br \/>\n    <span class=\"wpcf7-form-control-wrap your-email\"><input type=\"email\" name=\"your-email\" value=\"\" size=\"40\" class=\"wpcf7-form-control wpcf7-text wpcf7-email wpcf7-validates-as-required wpcf7-validates-as-email\" aria-required=\"true\" aria-invalid=\"false\" \/><\/span> <\/label><\/p>\n<p><label> Asunto<br \/>\n    <span class=\"wpcf7-form-control-wrap your-subject\"><input type=\"text\" name=\"your-subject\" value=\"\" size=\"40\" class=\"wpcf7-form-control wpcf7-text\" aria-invalid=\"false\" \/><\/span> <\/label><\/p>\n<p><label> Mensaje<br \/>\n    <span class=\"wpcf7-form-control-wrap your-message\"><textarea name=\"your-message\" cols=\"40\" rows=\"10\" class=\"wpcf7-form-control wpcf7-textarea\" aria-invalid=\"false\"><\/textarea><\/span> <\/label><\/p>\n<p><input type=\"submit\" value=\"Enviar\" class=\"wpcf7-form-control wpcf7-submit\" \/><\/p>\n<div class=\"wpcf7-response-output wpcf7-display-none\"><\/div><\/form><\/div>[\/vc_column][vc_column width=&#8221;1\/2&#8243;][vc_empty_space height=&#8221;100px&#8221;][vc_column_text]<img loading=\"lazy\" decoding=\"async\" class=\"alignnone size-full wp-image-57298\" src=\"http:\/\/masservicios.co\/wp-content\/uploads\/2020\/04\/WEB-MAS-2020-contacto.png\" alt=\"\" width=\"350\" height=\"73\" srcset=\"https:\/\/masservicios.co\/wp-content\/uploads\/2020\/04\/WEB-MAS-2020-contacto.png 350w, https:\/\/masservicios.co\/wp-content\/uploads\/2020\/04\/WEB-MAS-2020-contacto-300x63.png 300w\" sizes=\"auto, (max-width: 350px) 100vw, 350px\" \/><br \/>\nCarrera 16a # 79-95,<br \/>\nBogot\u00e1, Colombia<br \/>\nTel\u00e9fono: 616 89 81<br \/>\nEmail:\u00a0<a href=\"mailto:info@masservicios.co\">info@masservicios.co<\/a><br \/>\nWeb:\u00a0<a href=\"http:\/\/masservicios.co\/\">masservicios.co\/<\/a>[\/vc_column_text][\/vc_column][\/vc_row]<\/p>\n","protected":false},"excerpt":{"rendered":"<p>[vc_row css=&#8221;.vc_custom_1774391821436{margin-top: 50px !important;}&#8221;][vc_column css=&#8221;.vc_custom_1774391464080{margin-top: 30px !important;}&#8221;][vc_column_text] \u00bfPor qu\u00e9 elegir a MAS? En MAS entendemos que cada empresa necesita mucho m\u00e1s que un servicio de limpieza. Por eso trabajamos como un aliado estrat\u00e9gico, brindando soluciones integrales que garantizan continuidad operativa, eficiencia en los procesos y un acompa\u00f1amiento permanente para nuestros clientes. Nuestro compromiso es ofrecer&hellip;<\/p>\n","protected":false},"author":1,"featured_media":0,"parent":0,"menu_order":1,"comment_status":"closed","ping_status":"closed","template":"","meta":{"footnotes":""},"class_list":["post-57186","page","type-page","status-publish","hentry","description-off"],"_links":{"self":[{"href":"https:\/\/masservicios.co\/index.php?rest_route=\/wp\/v2\/pages\/57186","targetHints":{"allow":["GET"]}}],"collection":[{"href":"https:\/\/masservicios.co\/index.php?rest_route=\/wp\/v2\/pages"}],"about":[{"href":"https:\/\/masservicios.co\/index.php?rest_route=\/wp\/v2\/types\/page"}],"author":[{"embeddable":true,"href":"https:\/\/masservicios.co\/index.php?rest_route=\/wp\/v2\/users\/1"}],"replies":[{"embeddable":true,"href":"https:\/\/masservicios.co\/index.php?rest_route=%2Fwp%2Fv2%2Fcomments&post=57186"}],"version-history":[{"count":130,"href":"https:\/\/masservicios.co\/index.php?rest_route=\/wp\/v2\/pages\/57186\/revisions"}],"predecessor-version":[{"id":57576,"href":"https:\/\/masservicios.co\/index.php?rest_route=\/wp\/v2\/pages\/57186\/revisions\/57576"}],"wp:attachment":[{"href":"https:\/\/masservicios.co\/index.php?rest_route=%2Fwp%2Fv2%2Fmedia&parent=57186"}],"curies":[{"name":"wp","href":"https:\/\/api.w.org\/{rel}","templated":true}]}}